{"id":28867,"date":"2026-02-28T10:58:01","date_gmt":"2026-02-28T10:58:01","guid":{"rendered":"https:\/\/bsleep.md\/?post_type=product&#038;p=28867"},"modified":"2026-04-03T15:59:39","modified_gmt":"2026-04-03T15:59:39","slug":"matras-baby-fresh","status":"publish","type":"product","link":"https:\/\/bsleep.md\/ru\/product\/matras-baby-fresh\/","title":{"rendered":"\u041c\u0430\u0442\u0440\u0430\u0441 Baby Fresh"},"content":{"rendered":"\t\t<div data-elementor-type=\"product-post\" data-elementor-id=\"28867\" class=\"elementor elementor-28867 elementor-26365\" data-elementor-post-type=\"product\">\n\t\t\t\t<div class=\"elementor-element elementor-element-f2caea4 e-con-full e-flex e-con e-parent\" data-id=\"f2caea4\" data-element_type=\"container\" data-e-type=\"container\">\n\t\t\t\t<div class=\"elementor-element elementor-element-0846219 wd-width-100 elementor-widget elementor-widget-wd_title\" data-id=\"0846219\" data-element_type=\"widget\" data-e-type=\"widget\" data-widget_type=\"wd_title.default\">\n\t\t\t\t<div class=\"elementor-widget-container\">\n\t\t\t\t\t\t\t<div class=\"title-wrapper set-mb-s reset-last-child wd-title-color-default wd-title-style-default wd-title-size-extra-large text-center\">\n\n\t\t\t\n\t\t\t<div class=\"liner-continer\">\n\t\t\t\t<h2 class=\"woodmart-title-container title wd-fontsize-xxxl\">\u041e\u043f\u0438\u0441\u0430\u043d\u0438\u0435<\/h2> \n\t\t\t\t\t\t\t<\/div>\n\n\t\t\t\t\t<\/div>\n\t\t\t\t\t\t<\/div>\n\t\t\t\t<\/div>\n\t\t\t\t<div class=\"elementor-element elementor-element-40a0416 elementor-widget-divider--view-line elementor-widget elementor-widget-divider\" data-id=\"40a0416\" data-element_type=\"widget\" data-e-type=\"widget\" data-widget_type=\"divider.default\">\n\t\t\t\t\t\t\t<div class=\"elementor-divider\">\n\t\t\t<span class=\"elementor-divider-separator\">\n\t\t\t\t\t\t<\/span>\n\t\t<\/div>\n\t\t\t\t\t\t<\/div>\n\t\t\t\t<\/div>\n\t\t<div class=\"elementor-element elementor-element-85a03c0 e-con-full e-flex e-con e-parent\" data-id=\"85a03c0\" data-element_type=\"container\" data-e-type=\"container\">\n\t\t<div class=\"elementor-element elementor-element-9059e06 e-con-full e-flex e-con e-child\" data-id=\"9059e06\" data-element_type=\"container\" data-e-type=\"container\">\n\t\t\t\t<div class=\"elementor-element elementor-element-924d58f elementor-widget elementor-widget-wd_image_or_svg\" data-id=\"924d58f\" data-element_type=\"widget\" data-e-type=\"widget\" data-widget_type=\"wd_image_or_svg.default\">\n\t\t\t\t<div class=\"elementor-widget-container\">\n\t\t\t\t\t\n\t\t<div class=\"wd-image text-left\">\n\t\t\t\t\t\t\t\t<img fetchpriority=\"high\" decoding=\"async\" width=\"1920\" height=\"1079\" src=\"https:\/\/bsleep.md\/wp-content\/uploads\/2026\/02\/Saltea-pentru-copii-chishinau-Baby-Fresh-8.webp\" class=\"attachment-full size-full\" alt=\"\" srcset=\"https:\/\/bsleep.md\/wp-content\/uploads\/2026\/02\/Saltea-pentru-copii-chishinau-Baby-Fresh-8.webp 1920w, https:\/\/bsleep.md\/wp-content\/uploads\/2026\/02\/Saltea-pentru-copii-chishinau-Baby-Fresh-8-430x242.webp 430w, https:\/\/bsleep.md\/wp-content\/uploads\/2026\/02\/Saltea-pentru-copii-chishinau-Baby-Fresh-8-1300x731.webp 1300w, https:\/\/bsleep.md\/wp-content\/uploads\/2026\/02\/Saltea-pentru-copii-chishinau-Baby-Fresh-8-700x393.webp 700w, https:\/\/bsleep.md\/wp-content\/uploads\/2026\/02\/Saltea-pentru-copii-chishinau-Baby-Fresh-8-800x450.webp 800w, https:\/\/bsleep.md\/wp-content\/uploads\/2026\/02\/Saltea-pentru-copii-chishinau-Baby-Fresh-8-1600x899.webp 1600w, https:\/\/bsleep.md\/wp-content\/uploads\/2026\/02\/Saltea-pentru-copii-chishinau-Baby-Fresh-8-768x432.webp 768w, https:\/\/bsleep.md\/wp-content\/uploads\/2026\/02\/Saltea-pentru-copii-chishinau-Baby-Fresh-8-1536x863.webp 1536w, https:\/\/bsleep.md\/wp-content\/uploads\/2026\/02\/Saltea-pentru-copii-chishinau-Baby-Fresh-8-400x225.webp 400w\" sizes=\"(max-width: 1920px) 100vw, 1920px\" \/>\t\t\t\t\t<\/div>\n\n\t\t\t\t\t\t<\/div>\n\t\t\t\t<\/div>\n\t\t\t\t<\/div>\n\t\t<div class=\"elementor-element elementor-element-8500270 e-con-full e-flex e-con e-child\" data-id=\"8500270\" data-element_type=\"container\" data-e-type=\"container\">\n\t\t\t\t<div class=\"elementor-element elementor-element-12d783b elementor-widget elementor-widget-wd_text_block\" data-id=\"12d783b\" data-element_type=\"widget\" data-e-type=\"widget\" data-widget_type=\"wd_text_block.default\">\n\t\t\t\t<div class=\"elementor-widget-container\">\n\t\t\t\t\t\t\t<div class=\"wd-text-block reset-last-child text-left\">\n\t\t\t\n\t\t\t<ol><li>\u0410\u043d\u0442\u0438\u0431\u0430\u043a\u0442\u0435\u0440\u0438\u0430\u043b\u044c\u043d\u0430\u044f \u0442\u043a\u0430\u043d\u044c<\/li><li>\u0422\u043e\u043f\u043f\u0435\u0440 \u043d\u0430 \u043c\u043e\u043b\u043d\u0438\u0438<\/li><li>\u0421\u0438\u0441\u0442\u0435\u043c\u0430 \u0438\u043d\u0434\u0438\u0432\u0438\u0434\u0443\u0430\u043b\u044c\u043d\u044b\u0445 \u043f\u0440\u0443\u0436\u0438\u043d<\/li><li>\u0414\u0432\u0435 \u0440\u0430\u0437\u043d\u044b\u0435 \u043f\u043e\u0432\u0435\u0440\u0445\u043d\u043e\u0441\u0442\u0438 \u0432 \u0437\u0430\u0432\u0438\u0441\u0438\u043c\u043e\u0441\u0442\u0438 \u043e\u0442 \u0432\u043e\u0437\u0440\u0430\u0441\u0442\u0430<\/li><li>\u0412\u043e\u0437\u0434\u0443\u0445\u043e\u043f\u0440\u043e\u043d\u0438\u0446\u0430\u0435\u043c\u0430\u044f \u0441\u0442\u0440\u0443\u043a\u0442\u0443\u0440\u0430<\/li><li>\u0412\u044b\u0441\u043e\u0442\u0430 \u043c\u0430\u0442\u0440\u0430\u0441\u0430 19\u0441\u043c<\/li><\/ol>\n\t\t\t\t\t<\/div>\n\t\t\t\t\t\t<\/div>\n\t\t\t\t<\/div>\n\t\t\t\t<\/div>\n\t\t\t\t<\/div>\n\t\t<div class=\"elementor-element elementor-element-a4bf0cb e-con-full e-flex e-con e-parent\" data-id=\"a4bf0cb\" data-element_type=\"container\" data-e-type=\"container\">\n\t\t\t\t<div class=\"elementor-element elementor-element-1982f2e wd-width-100 elementor-widget elementor-widget-wd_video\" data-id=\"1982f2e\" data-element_type=\"widget\" data-e-type=\"widget\" data-widget_type=\"wd_video.default\">\n\t\t\t\t<div class=\"elementor-widget-container\">\n\t\t\t\t\t\n\t\t<div class=\"wd-el-video wd-action-overlay wd-video-youtube wd-with-aspect-ratio wd-lightbox\">\n\t\t\t\n\t\t\t\n\t\t\t\n\t\t\t\t\t\t\t<div class=\"wd-el-video-overlay wd-fill\">\n\t\t\t\t\t<img decoding=\"async\" width=\"1078\" height=\"719\" src=\"https:\/\/bsleep.md\/wp-content\/uploads\/2026\/01\/Saltea-pentru-copii-chishinau-Baby-Fresh-4.webp\" class=\"attachment-full size-full\" alt=\"Saltea suport dezvoltare s\u0103n\u0103toas\u0103\" \/>\t\t\t\t<\/div>\n\t\t\t\t<div class=\"wd-el-video-control color-scheme-light wd-fill\">\n\t\t\t\t\t<span class=\"wd-el-video-play-btn\"><\/span>\n\t\t\t\t\t\t\t\t\t<\/div>\n\n\t\t\t\t<a class=\"wd-el-video-link wd-el-video-btn-overlay wd-fill wd-el-video-lightbox\" href=\"https:\/\/www.youtube.com\/watch?v=RSuE_aenzmo\"><\/a>\n\t\t\t\t\t<\/div>\n\t\t\t\t\t\t<\/div>\n\t\t\t\t<\/div>\n\t\t\t\t<\/div>\n\t\t\t\t<\/div>\n\t\t","protected":false},"excerpt":{"rendered":"<p>\u041c\u0430\u0442\u0440\u0430\u0441 Baby Fresh \u0443\u043b\u0443\u0447\u0448\u0430\u0435\u0442 \u043a\u0430\u0447\u0435\u0441\u0442\u0432\u043e \u0441\u043d\u0430 \u0432\u0430\u0448\u0435\u0433\u043e \u0440\u0435\u0431\u0435\u043d\u043a\u0430 \u0431\u043b\u0430\u0433\u043e\u0434\u0430\u0440\u044f \u044d\u0440\u0433\u043e\u043d\u043e\u043c\u0438\u0447\u043d\u043e\u0439 \u0441\u0442\u0440\u0443\u043a\u0442\u0443\u0440\u0435 \u0438 \u0434\u044b\u0448\u0430\u0449\u0435\u043c\u0443 \u043c\u0430\u0442\u0435\u0440\u0438\u0430\u043b\u0443.<\/p>\n","protected":false},"featured_media":19979,"comment_status":"open","ping_status":"closed","template":"","meta":[],"product_brand":[],"product_cat":[1203,3126,3125,3129,3127,3128,1055],"product_tag":[],"class_list":{"0":"post-28867","1":"product","2":"type-product","3":"status-publish","4":"has-post-thumbnail","6":"product_cat-matrasy","7":"product_cat-matrasy-beltsy","8":"product_cat-matrasy-brichany","9":"product_cat-matrasy-drochia","10":"product_cat-matrasy-edintsy","11":"product_cat-matrasy-soroki","12":"product_cat-detskie","14":"first","15":"instock","16":"shipping-taxable","17":"purchasable","18":"product-type-variable","19":"has-default-attributes"},"yoast_head":"<!-- This site is optimized with the Yoast SEO plugin v27.1.1 - https:\/\/yoast.com\/product\/yoast-seo-wordpress\/ -->\n<title>\u041c\u0430\u0442\u0440\u0430\u0441 Baby Fresh - Bsleep<\/title>\n<meta name=\"robots\" content=\"index, follow, max-snippet:-1, max-image-preview:large, max-video-preview:-1\" \/>\n<link rel=\"canonical\" href=\"https:\/\/bsleep.md\/ru\/product\/matras-baby-fresh\/\" \/>\n<meta property=\"og:locale\" content=\"ru_RU\" \/>\n<meta property=\"og:type\" content=\"article\" \/>\n<meta property=\"og:title\" content=\"\u041c\u0430\u0442\u0440\u0430\u0441 Baby Fresh - Bsleep\" \/>\n<meta property=\"og:description\" content=\"\u041c\u0430\u0442\u0440\u0430\u0441 Baby Fresh \u0443\u043b\u0443\u0447\u0448\u0430\u0435\u0442 \u043a\u0430\u0447\u0435\u0441\u0442\u0432\u043e \u0441\u043d\u0430 \u0432\u0430\u0448\u0435\u0433\u043e \u0440\u0435\u0431\u0435\u043d\u043a\u0430 \u0431\u043b\u0430\u0433\u043e\u0434\u0430\u0440\u044f \u044d\u0440\u0433\u043e\u043d\u043e\u043c\u0438\u0447\u043d\u043e\u0439 \u0441\u0442\u0440\u0443\u043a\u0442\u0443\u0440\u0435 \u0438 \u0434\u044b\u0448\u0430\u0449\u0435\u043c\u0443 \u043c\u0430\u0442\u0435\u0440\u0438\u0430\u043b\u0443.\" \/>\n<meta property=\"og:url\" content=\"https:\/\/bsleep.md\/ru\/product\/matras-baby-fresh\/\" \/>\n<meta property=\"og:site_name\" content=\"Bsleep\" \/>\n<meta property=\"article:modified_time\" content=\"2026-04-03T15:59:39+00:00\" \/>\n<meta property=\"og:image\" content=\"https:\/\/bsleep.md\/wp-content\/uploads\/2026\/01\/Saltea-pentru-copii-chishinau-Baby-Fresh-5.webp\" \/>\n\t<meta property=\"og:image:width\" content=\"1078\" \/>\n\t<meta property=\"og:image:height\" content=\"719\" \/>\n\t<meta property=\"og:image:type\" content=\"image\/webp\" \/>\n<meta name=\"twitter:card\" content=\"summary_large_image\" \/>\n<script type=\"application\/ld+json\" class=\"yoast-schema-graph\">{\"@context\":\"https:\/\/schema.org\",\"@graph\":[{\"@type\":\"WebPage\",\"@id\":\"https:\/\/bsleep.md\/ru\/product\/matras-baby-fresh\/\",\"url\":\"https:\/\/bsleep.md\/ru\/product\/matras-baby-fresh\/\",\"name\":\"\u041c\u0430\u0442\u0440\u0430\u0441 Baby Fresh - Bsleep\",\"isPartOf\":{\"@id\":\"https:\/\/bsleep.md\/ru\/#website\"},\"primaryImageOfPage\":{\"@id\":\"https:\/\/bsleep.md\/ru\/product\/matras-baby-fresh\/#primaryimage\"},\"image\":{\"@id\":\"https:\/\/bsleep.md\/ru\/product\/matras-baby-fresh\/#primaryimage\"},\"thumbnailUrl\":\"https:\/\/bsleep.md\/wp-content\/uploads\/2026\/01\/Saltea-pentru-copii-chishinau-Baby-Fresh-5.webp\",\"datePublished\":\"2026-02-28T10:58:01+00:00\",\"dateModified\":\"2026-04-03T15:59:39+00:00\",\"breadcrumb\":{\"@id\":\"https:\/\/bsleep.md\/ru\/product\/matras-baby-fresh\/#breadcrumb\"},\"inLanguage\":\"ru-RU\",\"potentialAction\":[{\"@type\":\"ReadAction\",\"target\":[\"https:\/\/bsleep.md\/ru\/product\/matras-baby-fresh\/\"]}]},{\"@type\":\"ImageObject\",\"inLanguage\":\"ru-RU\",\"@id\":\"https:\/\/bsleep.md\/ru\/product\/matras-baby-fresh\/#primaryimage\",\"url\":\"https:\/\/bsleep.md\/wp-content\/uploads\/2026\/01\/Saltea-pentru-copii-chishinau-Baby-Fresh-5.webp\",\"contentUrl\":\"https:\/\/bsleep.md\/wp-content\/uploads\/2026\/01\/Saltea-pentru-copii-chishinau-Baby-Fresh-5.webp\",\"width\":1078,\"height\":719,\"caption\":\"Saltea copii igienic\u0103 zilnic\"},{\"@type\":\"BreadcrumbList\",\"@id\":\"https:\/\/bsleep.md\/ru\/product\/matras-baby-fresh\/#breadcrumb\",\"itemListElement\":[{\"@type\":\"ListItem\",\"position\":1,\"name\":\"Home\",\"item\":\"https:\/\/bsleep.md\/ru\/home\/\"},{\"@type\":\"ListItem\",\"position\":2,\"name\":\"\u041f\u0440\u043e\u0434\u0443\u043a\u0446\u0438\u044f\",\"item\":\"https:\/\/bsleep.md\/ru\/producty\/\"},{\"@type\":\"ListItem\",\"position\":3,\"name\":\"\u041c\u0430\u0442\u0440\u0430\u0441 Baby Fresh\"}]},{\"@type\":\"WebSite\",\"@id\":\"https:\/\/bsleep.md\/ru\/#website\",\"url\":\"https:\/\/bsleep.md\/ru\/\",\"name\":\"Bsleep\",\"description\":\"bsleep - Saltele, paturi\",\"potentialAction\":[{\"@type\":\"SearchAction\",\"target\":{\"@type\":\"EntryPoint\",\"urlTemplate\":\"https:\/\/bsleep.md\/ru\/?s={search_term_string}\"},\"query-input\":{\"@type\":\"PropertyValueSpecification\",\"valueRequired\":true,\"valueName\":\"search_term_string\"}}],\"inLanguage\":\"ru-RU\"}]}<\/script>\n<!-- \/ Yoast SEO plugin. -->","yoast_head_json":{"title":"\u041c\u0430\u0442\u0440\u0430\u0441 Baby Fresh - Bsleep","robots":{"index":"index","follow":"follow","max-snippet":"max-snippet:-1","max-image-preview":"max-image-preview:large","max-video-preview":"max-video-preview:-1"},"canonical":"https:\/\/bsleep.md\/ru\/product\/matras-baby-fresh\/","og_locale":"ru_RU","og_type":"article","og_title":"\u041c\u0430\u0442\u0440\u0430\u0441 Baby Fresh - Bsleep","og_description":"\u041c\u0430\u0442\u0440\u0430\u0441 Baby Fresh \u0443\u043b\u0443\u0447\u0448\u0430\u0435\u0442 \u043a\u0430\u0447\u0435\u0441\u0442\u0432\u043e \u0441\u043d\u0430 \u0432\u0430\u0448\u0435\u0433\u043e \u0440\u0435\u0431\u0435\u043d\u043a\u0430 \u0431\u043b\u0430\u0433\u043e\u0434\u0430\u0440\u044f \u044d\u0440\u0433\u043e\u043d\u043e\u043c\u0438\u0447\u043d\u043e\u0439 \u0441\u0442\u0440\u0443\u043a\u0442\u0443\u0440\u0435 \u0438 \u0434\u044b\u0448\u0430\u0449\u0435\u043c\u0443 \u043c\u0430\u0442\u0435\u0440\u0438\u0430\u043b\u0443.","og_url":"https:\/\/bsleep.md\/ru\/product\/matras-baby-fresh\/","og_site_name":"Bsleep","article_modified_time":"2026-04-03T15:59:39+00:00","og_image":[{"width":1078,"height":719,"url":"https:\/\/bsleep.md\/wp-content\/uploads\/2026\/01\/Saltea-pentru-copii-chishinau-Baby-Fresh-5.webp","type":"image\/webp"}],"twitter_card":"summary_large_image","schema":{"@context":"https:\/\/schema.org","@graph":[{"@type":"WebPage","@id":"https:\/\/bsleep.md\/ru\/product\/matras-baby-fresh\/","url":"https:\/\/bsleep.md\/ru\/product\/matras-baby-fresh\/","name":"\u041c\u0430\u0442\u0440\u0430\u0441 Baby Fresh - Bsleep","isPartOf":{"@id":"https:\/\/bsleep.md\/ru\/#website"},"primaryImageOfPage":{"@id":"https:\/\/bsleep.md\/ru\/product\/matras-baby-fresh\/#primaryimage"},"image":{"@id":"https:\/\/bsleep.md\/ru\/product\/matras-baby-fresh\/#primaryimage"},"thumbnailUrl":"https:\/\/bsleep.md\/wp-content\/uploads\/2026\/01\/Saltea-pentru-copii-chishinau-Baby-Fresh-5.webp","datePublished":"2026-02-28T10:58:01+00:00","dateModified":"2026-04-03T15:59:39+00:00","breadcrumb":{"@id":"https:\/\/bsleep.md\/ru\/product\/matras-baby-fresh\/#breadcrumb"},"inLanguage":"ru-RU","potentialAction":[{"@type":"ReadAction","target":["https:\/\/bsleep.md\/ru\/product\/matras-baby-fresh\/"]}]},{"@type":"ImageObject","inLanguage":"ru-RU","@id":"https:\/\/bsleep.md\/ru\/product\/matras-baby-fresh\/#primaryimage","url":"https:\/\/bsleep.md\/wp-content\/uploads\/2026\/01\/Saltea-pentru-copii-chishinau-Baby-Fresh-5.webp","contentUrl":"https:\/\/bsleep.md\/wp-content\/uploads\/2026\/01\/Saltea-pentru-copii-chishinau-Baby-Fresh-5.webp","width":1078,"height":719,"caption":"Saltea copii igienic\u0103 zilnic"},{"@type":"BreadcrumbList","@id":"https:\/\/bsleep.md\/ru\/product\/matras-baby-fresh\/#breadcrumb","itemListElement":[{"@type":"ListItem","position":1,"name":"Home","item":"https:\/\/bsleep.md\/ru\/home\/"},{"@type":"ListItem","position":2,"name":"\u041f\u0440\u043e\u0434\u0443\u043a\u0446\u0438\u044f","item":"https:\/\/bsleep.md\/ru\/producty\/"},{"@type":"ListItem","position":3,"name":"\u041c\u0430\u0442\u0440\u0430\u0441 Baby Fresh"}]},{"@type":"WebSite","@id":"https:\/\/bsleep.md\/ru\/#website","url":"https:\/\/bsleep.md\/ru\/","name":"Bsleep","description":"bsleep - Saltele, paturi","potentialAction":[{"@type":"SearchAction","target":{"@type":"EntryPoint","urlTemplate":"https:\/\/bsleep.md\/ru\/?s={search_term_string}"},"query-input":{"@type":"PropertyValueSpecification","valueRequired":true,"valueName":"search_term_string"}}],"inLanguage":"ru-RU"}]}},"_links":{"self":[{"href":"https:\/\/bsleep.md\/ru\/wp-json\/wp\/v2\/product\/28867","targetHints":{"allow":["GET"]}}],"collection":[{"href":"https:\/\/bsleep.md\/ru\/wp-json\/wp\/v2\/product"}],"about":[{"href":"https:\/\/bsleep.md\/ru\/wp-json\/wp\/v2\/types\/product"}],"replies":[{"embeddable":true,"href":"https:\/\/bsleep.md\/ru\/wp-json\/wp\/v2\/comments?post=28867"}],"version-history":[{"count":0,"href":"https:\/\/bsleep.md\/ru\/wp-json\/wp\/v2\/product\/28867\/revisions"}],"wp:featuredmedia":[{"embeddable":true,"href":"https:\/\/bsleep.md\/ru\/wp-json\/wp\/v2\/media\/19979"}],"wp:attachment":[{"href":"https:\/\/bsleep.md\/ru\/wp-json\/wp\/v2\/media?parent=28867"}],"wp:term":[{"taxonomy":"product_brand","embeddable":true,"href":"https:\/\/bsleep.md\/ru\/wp-json\/wp\/v2\/product_brand?post=28867"},{"taxonomy":"product_cat","embeddable":true,"href":"https:\/\/bsleep.md\/ru\/wp-json\/wp\/v2\/product_cat?post=28867"},{"taxonomy":"product_tag","embeddable":true,"href":"https:\/\/bsleep.md\/ru\/wp-json\/wp\/v2\/product_tag?post=28867"}],"curies":[{"name":"wp","href":"https:\/\/api.w.org\/{rel}","templated":true}]}}